{"id":2175,"date":"2020-07-14T15:07:17","date_gmt":"2020-07-14T12:07:17","guid":{"rendered":"https:\/\/brandu-v3.matura.lt\/home\/"},"modified":"2020-07-20T11:24:31","modified_gmt":"2020-07-20T08:24:31","slug":"home","status":"publish","type":"page","link":"https:\/\/brandu.lt\/en\/","title":{"rendered":"Home"},"content":{"rendered":"","protected":false},"excerpt":{"rendered":"","protected":false},"author":1,"featured_media":2180,"parent":0,"menu_order":0,"comment_status":"closed","ping_status":"closed","template":"","meta":{"footnotes":""},"class_list":["post-2175","page","type-page","status-publish","has-post-thumbnail","hentry"],"yoast_head":"<!-- This site is optimized with the Yoast SEO plugin v23.8 - https:\/\/yoast.com\/wordpress\/plugins\/seo\/ -->\n<title>brand\u00f9 agency | Efficient solutions for your brand presence<\/title>\n<meta name=\"description\" content=\"We are here to create digital solutions to grow your brand and business: websites, branding, and strategy.\" \/>\n<meta name=\"robots\" content=\"index, follow, max-snippet:-1, max-image-preview:large, max-video-preview:-1\" \/>\n<meta property=\"og:locale\" content=\"en_US\" \/>\n<meta property=\"og:type\" content=\"article\" \/>\n<meta property=\"og:title\" content=\"brand\u00f9 agency | Efficient solutions for your brand presence\" \/>\n<meta property=\"og:description\" content=\"We are here to create digital solutions to grow your brand and business: websites, branding, and strategy.\" \/>\n<meta property=\"og:url\" content=\"https:\/\/brandu.lt\/en\/\" \/>\n<meta property=\"og:site_name\" content=\"brand\u00f9\" \/>\n<meta property=\"article:publisher\" content=\"https:\/\/www.facebook.com\/hello.brandu\" \/>\n<meta property=\"article:modified_time\" content=\"2020-07-20T08:24:31+00:00\" \/>\n<meta property=\"og:image\" content=\"https:\/\/mlpbk5gkfhmf.i.optimole.com\/cb:ZWm_~4a2d6\/w:auto\/h:auto\/q:mauto\/f:best\/ig:avif\/https:\/\/brandu.lt\/wp-content\/uploads\/2020\/07\/paslaugos_01-web.png\" \/>\n\t<meta property=\"og:image:width\" content=\"600\" \/>\n\t<meta property=\"og:image:height\" content=\"600\" \/>\n\t<meta property=\"og:image:type\" content=\"image\/png\" \/>\n<meta name=\"twitter:card\" content=\"summary_large_image\" \/>\n<script type=\"application\/ld+json\" class=\"yoast-schema-graph\">{\"@context\":\"https:\/\/schema.org\",\"@graph\":[{\"@type\":\"WebPage\",\"@id\":\"https:\/\/brandu.lt\/en\/\",\"url\":\"https:\/\/brandu.lt\/en\/\",\"name\":\"brand\u00f9 agency | Efficient solutions for your brand presence\",\"isPartOf\":{\"@id\":\"https:\/\/brandu.lt\/en\/#website\"},\"primaryImageOfPage\":{\"@id\":\"https:\/\/brandu.lt\/en\/#primaryimage\"},\"image\":{\"@id\":\"https:\/\/brandu.lt\/en\/#primaryimage\"},\"thumbnailUrl\":\"https:\/\/mlpbk5gkfhmf.i.optimole.com\/cb:ZWm_~4a2d6\/w:auto\/h:auto\/q:mauto\/f:best\/ig:avif\/https:\/\/brandu.lt\/wp-content\/uploads\/2020\/07\/paslaugos_01-web.png\",\"datePublished\":\"2020-07-14T12:07:17+00:00\",\"dateModified\":\"2020-07-20T08:24:31+00:00\",\"description\":\"We are here to create digital solutions to grow your brand and business: websites, branding, and strategy.\",\"breadcrumb\":{\"@id\":\"https:\/\/brandu.lt\/en\/#breadcrumb\"},\"inLanguage\":\"en-US\",\"potentialAction\":[{\"@type\":\"ReadAction\",\"target\":[\"https:\/\/brandu.lt\/en\/\"]}]},{\"@type\":\"ImageObject\",\"inLanguage\":\"en-US\",\"@id\":\"https:\/\/brandu.lt\/en\/#primaryimage\",\"url\":\"https:\/\/mlpbk5gkfhmf.i.optimole.com\/cb:ZWm_~4a2d6\/w:auto\/h:auto\/q:mauto\/f:best\/ig:avif\/https:\/\/brandu.lt\/wp-content\/uploads\/2020\/07\/paslaugos_01-web.png\",\"contentUrl\":\"https:\/\/mlpbk5gkfhmf.i.optimole.com\/cb:ZWm_~4a2d6\/w:auto\/h:auto\/q:mauto\/f:best\/ig:avif\/https:\/\/brandu.lt\/wp-content\/uploads\/2020\/07\/paslaugos_01-web.png\",\"width\":600,\"height\":600},{\"@type\":\"BreadcrumbList\",\"@id\":\"https:\/\/brandu.lt\/en\/#breadcrumb\",\"itemListElement\":[{\"@type\":\"ListItem\",\"position\":1,\"name\":\"Home\",\"item\":\"https:\/\/brandu.lt\/en\/\"},{\"@type\":\"ListItem\",\"position\":2,\"name\":\"Home\"}]},{\"@type\":\"WebSite\",\"@id\":\"https:\/\/brandu.lt\/en\/#website\",\"url\":\"https:\/\/brandu.lt\/en\/\",\"name\":\"brand\u00f9\",\"description\":\"Efektyv\u016bs sprendimai j\u016bs\u0173 skaitmeniniam gyvenimui\",\"publisher\":{\"@id\":\"https:\/\/brandu.lt\/en\/#organization\"},\"potentialAction\":[{\"@type\":\"SearchAction\",\"target\":{\"@type\":\"EntryPoint\",\"urlTemplate\":\"https:\/\/brandu.lt\/en\/?s={search_term_string}\"},\"query-input\":{\"@type\":\"PropertyValueSpecification\",\"valueRequired\":true,\"valueName\":\"search_term_string\"}}],\"inLanguage\":\"en-US\"},{\"@type\":\"Organization\",\"@id\":\"https:\/\/brandu.lt\/en\/#organization\",\"name\":\"brand\u00f9\",\"url\":\"https:\/\/brandu.lt\/en\/\",\"logo\":{\"@type\":\"ImageObject\",\"inLanguage\":\"en-US\",\"@id\":\"https:\/\/brandu.lt\/en\/#\/schema\/logo\/image\/\",\"url\":\"https:\/\/mlpbk5gkfhmf.i.optimole.com\/cb:ZWm_~4a2d6\/w:auto\/h:auto\/q:mauto\/f:best\/ig:avif\/https:\/\/brandu.lt\/wp-content\/uploads\/2020\/01\/facebookshare.png\",\"contentUrl\":\"https:\/\/mlpbk5gkfhmf.i.optimole.com\/cb:ZWm_~4a2d6\/w:auto\/h:auto\/q:mauto\/f:best\/ig:avif\/https:\/\/brandu.lt\/wp-content\/uploads\/2020\/01\/facebookshare.png\",\"width\":2500,\"height\":1313,\"caption\":\"brand\u00f9\"},\"image\":{\"@id\":\"https:\/\/brandu.lt\/en\/#\/schema\/logo\/image\/\"},\"sameAs\":[\"https:\/\/www.facebook.com\/hello.brandu\",\"https:\/\/www.instagram.com\/branduagency\/\",\"https:\/\/www.linkedin.com\/company\/19208581\/\"]}]}<\/script>\n<!-- \/ Yoast SEO plugin. -->","yoast_head_json":{"title":"brand\u00f9 agency | Efficient solutions for your brand presence","description":"We are here to create digital solutions to grow your brand and business: websites, branding, and strategy.","robots":{"index":"index","follow":"follow","max-snippet":"max-snippet:-1","max-image-preview":"max-image-preview:large","max-video-preview":"max-video-preview:-1"},"og_locale":"en_US","og_type":"article","og_title":"brand\u00f9 agency | Efficient solutions for your brand presence","og_description":"We are here to create digital solutions to grow your brand and business: websites, branding, and strategy.","og_url":"https:\/\/brandu.lt\/en\/","og_site_name":"brand\u00f9","article_publisher":"https:\/\/www.facebook.com\/hello.brandu","article_modified_time":"2020-07-20T08:24:31+00:00","og_image":[{"width":600,"height":600,"url":"https:\/\/mlpbk5gkfhmf.i.optimole.com\/cb:ZWm_~4a2d6\/w:auto\/h:auto\/q:mauto\/f:best\/ig:avif\/https:\/\/brandu.lt\/wp-content\/uploads\/2020\/07\/paslaugos_01-web.png","type":"image\/png"}],"twitter_card":"summary_large_image","schema":{"@context":"https:\/\/schema.org","@graph":[{"@type":"WebPage","@id":"https:\/\/brandu.lt\/en\/","url":"https:\/\/brandu.lt\/en\/","name":"brand\u00f9 agency | Efficient solutions for your brand presence","isPartOf":{"@id":"https:\/\/brandu.lt\/en\/#website"},"primaryImageOfPage":{"@id":"https:\/\/brandu.lt\/en\/#primaryimage"},"image":{"@id":"https:\/\/brandu.lt\/en\/#primaryimage"},"thumbnailUrl":"https:\/\/mlpbk5gkfhmf.i.optimole.com\/cb:ZWm_~4a2d6\/w:auto\/h:auto\/q:mauto\/f:best\/ig:avif\/https:\/\/brandu.lt\/wp-content\/uploads\/2020\/07\/paslaugos_01-web.png","datePublished":"2020-07-14T12:07:17+00:00","dateModified":"2020-07-20T08:24:31+00:00","description":"We are here to create digital solutions to grow your brand and business: websites, branding, and strategy.","breadcrumb":{"@id":"https:\/\/brandu.lt\/en\/#breadcrumb"},"inLanguage":"en-US","potentialAction":[{"@type":"ReadAction","target":["https:\/\/brandu.lt\/en\/"]}]},{"@type":"ImageObject","inLanguage":"en-US","@id":"https:\/\/brandu.lt\/en\/#primaryimage","url":"https:\/\/mlpbk5gkfhmf.i.optimole.com\/cb:ZWm_~4a2d6\/w:auto\/h:auto\/q:mauto\/f:best\/ig:avif\/https:\/\/brandu.lt\/wp-content\/uploads\/2020\/07\/paslaugos_01-web.png","contentUrl":"https:\/\/mlpbk5gkfhmf.i.optimole.com\/cb:ZWm_~4a2d6\/w:auto\/h:auto\/q:mauto\/f:best\/ig:avif\/https:\/\/brandu.lt\/wp-content\/uploads\/2020\/07\/paslaugos_01-web.png","width":600,"height":600},{"@type":"BreadcrumbList","@id":"https:\/\/brandu.lt\/en\/#breadcrumb","itemListElement":[{"@type":"ListItem","position":1,"name":"Home","item":"https:\/\/brandu.lt\/en\/"},{"@type":"ListItem","position":2,"name":"Home"}]},{"@type":"WebSite","@id":"https:\/\/brandu.lt\/en\/#website","url":"https:\/\/brandu.lt\/en\/","name":"brand\u00f9","description":"Efektyv\u016bs sprendimai j\u016bs\u0173 skaitmeniniam gyvenimui","publisher":{"@id":"https:\/\/brandu.lt\/en\/#organization"},"potentialAction":[{"@type":"SearchAction","target":{"@type":"EntryPoint","urlTemplate":"https:\/\/brandu.lt\/en\/?s={search_term_string}"},"query-input":{"@type":"PropertyValueSpecification","valueRequired":true,"valueName":"search_term_string"}}],"inLanguage":"en-US"},{"@type":"Organization","@id":"https:\/\/brandu.lt\/en\/#organization","name":"brand\u00f9","url":"https:\/\/brandu.lt\/en\/","logo":{"@type":"ImageObject","inLanguage":"en-US","@id":"https:\/\/brandu.lt\/en\/#\/schema\/logo\/image\/","url":"https:\/\/mlpbk5gkfhmf.i.optimole.com\/cb:ZWm_~4a2d6\/w:auto\/h:auto\/q:mauto\/f:best\/ig:avif\/https:\/\/brandu.lt\/wp-content\/uploads\/2020\/01\/facebookshare.png","contentUrl":"https:\/\/mlpbk5gkfhmf.i.optimole.com\/cb:ZWm_~4a2d6\/w:auto\/h:auto\/q:mauto\/f:best\/ig:avif\/https:\/\/brandu.lt\/wp-content\/uploads\/2020\/01\/facebookshare.png","width":2500,"height":1313,"caption":"brand\u00f9"},"image":{"@id":"https:\/\/brandu.lt\/en\/#\/schema\/logo\/image\/"},"sameAs":["https:\/\/www.facebook.com\/hello.brandu","https:\/\/www.instagram.com\/branduagency\/","https:\/\/www.linkedin.com\/company\/19208581\/"]}]}},"_links":{"self":[{"href":"https:\/\/brandu.lt\/en\/wp-json\/wp\/v2\/pages\/2175","targetHints":{"allow":["GET"]}}],"collection":[{"href":"https:\/\/brandu.lt\/en\/wp-json\/wp\/v2\/pages"}],"about":[{"href":"https:\/\/brandu.lt\/en\/wp-json\/wp\/v2\/types\/page"}],"author":[{"embeddable":true,"href":"https:\/\/brandu.lt\/en\/wp-json\/wp\/v2\/users\/1"}],"replies":[{"embeddable":true,"href":"https:\/\/brandu.lt\/en\/wp-json\/wp\/v2\/comments?post=2175"}],"version-history":[{"count":1,"href":"https:\/\/brandu.lt\/en\/wp-json\/wp\/v2\/pages\/2175\/revisions"}],"predecessor-version":[{"id":2283,"href":"https:\/\/brandu.lt\/en\/wp-json\/wp\/v2\/pages\/2175\/revisions\/2283"}],"wp:featuredmedia":[{"embeddable":true,"href":"https:\/\/brandu.lt\/en\/wp-json\/wp\/v2\/media\/2180"}],"wp:attachment":[{"href":"https:\/\/brandu.lt\/en\/wp-json\/wp\/v2\/media?parent=2175"}],"curies":[{"name":"wp","href":"https:\/\/api.w.org\/{rel}","templated":true}]}}