{"id":2146,"date":"2020-07-10T15:24:47","date_gmt":"2020-07-10T12:24:47","guid":{"rendered":"https:\/\/brandu-v3.matura.lt\/contact-us\/"},"modified":"2020-07-17T11:20:10","modified_gmt":"2020-07-17T08:20:10","slug":"contact","status":"publish","type":"page","link":"https:\/\/brandu.lt\/en\/contact\/","title":{"rendered":"Contact"},"content":{"rendered":"","protected":false},"excerpt":{"rendered":"","protected":false},"author":1,"featured_media":0,"parent":0,"menu_order":1,"comment_status":"closed","ping_status":"closed","template":"template-contacts.php","meta":{"footnotes":""},"class_list":["post-2146","page","type-page","status-publish","hentry"],"yoast_head":"<!-- This site is optimized with the Yoast SEO plugin v23.8 - https:\/\/yoast.com\/wordpress\/plugins\/seo\/ -->\n<title>Contact | brand\u00f9<\/title>\n<meta name=\"robots\" content=\"index, follow, max-snippet:-1, max-image-preview:large, max-video-preview:-1\" \/>\n<meta property=\"og:locale\" content=\"en_US\" \/>\n<meta property=\"og:type\" content=\"article\" \/>\n<meta property=\"og:title\" content=\"Contact | brand\u00f9\" \/>\n<meta property=\"og:url\" content=\"https:\/\/brandu.lt\/en\/contact\/\" \/>\n<meta property=\"og:site_name\" content=\"brand\u00f9\" \/>\n<meta property=\"article:publisher\" content=\"https:\/\/www.facebook.com\/hello.brandu\" \/>\n<meta property=\"article:modified_time\" content=\"2020-07-17T08:20:10+00:00\" \/>\n<meta property=\"og:image\" content=\"https:\/\/mlpbk5gkfhmf.i.optimole.com\/cb:ZWm_~4a2d6\/w:auto\/h:auto\/q:mauto\/f:best\/ig:avif\/https:\/\/brandu.lt\/wp-content\/uploads\/2020\/01\/facebookshare.png\" \/>\n\t<meta property=\"og:image:width\" content=\"2500\" \/>\n\t<meta property=\"og:image:height\" content=\"1313\" \/>\n\t<meta property=\"og:image:type\" content=\"image\/png\" \/>\n<meta name=\"twitter:card\" content=\"summary_large_image\" \/>\n<script type=\"application\/ld+json\" class=\"yoast-schema-graph\">{\"@context\":\"https:\/\/schema.org\",\"@graph\":[{\"@type\":\"WebPage\",\"@id\":\"https:\/\/brandu.lt\/en\/contact\/\",\"url\":\"https:\/\/brandu.lt\/en\/contact\/\",\"name\":\"Contact | brand\u00f9\",\"isPartOf\":{\"@id\":\"https:\/\/brandu.lt\/en\/#website\"},\"datePublished\":\"2020-07-10T12:24:47+00:00\",\"dateModified\":\"2020-07-17T08:20:10+00:00\",\"breadcrumb\":{\"@id\":\"https:\/\/brandu.lt\/en\/contact\/#breadcrumb\"},\"inLanguage\":\"en-US\",\"potentialAction\":[{\"@type\":\"ReadAction\",\"target\":[\"https:\/\/brandu.lt\/en\/contact\/\"]}]},{\"@type\":\"BreadcrumbList\",\"@id\":\"https:\/\/brandu.lt\/en\/contact\/#breadcrumb\",\"itemListElement\":[{\"@type\":\"ListItem\",\"position\":1,\"name\":\"Home\",\"item\":\"https:\/\/brandu.lt\/en\/\"},{\"@type\":\"ListItem\",\"position\":2,\"name\":\"Contact\"}]},{\"@type\":\"WebSite\",\"@id\":\"https:\/\/brandu.lt\/en\/#website\",\"url\":\"https:\/\/brandu.lt\/en\/\",\"name\":\"brand\u00f9\",\"description\":\"Efektyv\u016bs sprendimai j\u016bs\u0173 skaitmeniniam gyvenimui\",\"publisher\":{\"@id\":\"https:\/\/brandu.lt\/en\/#organization\"},\"potentialAction\":[{\"@type\":\"SearchAction\",\"target\":{\"@type\":\"EntryPoint\",\"urlTemplate\":\"https:\/\/brandu.lt\/en\/?s={search_term_string}\"},\"query-input\":{\"@type\":\"PropertyValueSpecification\",\"valueRequired\":true,\"valueName\":\"search_term_string\"}}],\"inLanguage\":\"en-US\"},{\"@type\":\"Organization\",\"@id\":\"https:\/\/brandu.lt\/en\/#organization\",\"name\":\"brand\u00f9\",\"url\":\"https:\/\/brandu.lt\/en\/\",\"logo\":{\"@type\":\"ImageObject\",\"inLanguage\":\"en-US\",\"@id\":\"https:\/\/brandu.lt\/en\/#\/schema\/logo\/image\/\",\"url\":\"https:\/\/mlpbk5gkfhmf.i.optimole.com\/cb:ZWm_~4a2d6\/w:auto\/h:auto\/q:mauto\/f:best\/ig:avif\/https:\/\/brandu.lt\/wp-content\/uploads\/2020\/01\/facebookshare.png\",\"contentUrl\":\"https:\/\/mlpbk5gkfhmf.i.optimole.com\/cb:ZWm_~4a2d6\/w:auto\/h:auto\/q:mauto\/f:best\/ig:avif\/https:\/\/brandu.lt\/wp-content\/uploads\/2020\/01\/facebookshare.png\",\"width\":2500,\"height\":1313,\"caption\":\"brand\u00f9\"},\"image\":{\"@id\":\"https:\/\/brandu.lt\/en\/#\/schema\/logo\/image\/\"},\"sameAs\":[\"https:\/\/www.facebook.com\/hello.brandu\",\"https:\/\/www.instagram.com\/branduagency\/\",\"https:\/\/www.linkedin.com\/company\/19208581\/\"]}]}<\/script>\n<!-- \/ Yoast SEO plugin. -->","yoast_head_json":{"title":"Contact | brand\u00f9","robots":{"index":"index","follow":"follow","max-snippet":"max-snippet:-1","max-image-preview":"max-image-preview:large","max-video-preview":"max-video-preview:-1"},"og_locale":"en_US","og_type":"article","og_title":"Contact | brand\u00f9","og_url":"https:\/\/brandu.lt\/en\/contact\/","og_site_name":"brand\u00f9","article_publisher":"https:\/\/www.facebook.com\/hello.brandu","article_modified_time":"2020-07-17T08:20:10+00:00","og_image":[{"width":2500,"height":1313,"url":"https:\/\/mlpbk5gkfhmf.i.optimole.com\/cb:ZWm_~4a2d6\/w:auto\/h:auto\/q:mauto\/f:best\/ig:avif\/https:\/\/brandu.lt\/wp-content\/uploads\/2020\/01\/facebookshare.png","type":"image\/png"}],"twitter_card":"summary_large_image","schema":{"@context":"https:\/\/schema.org","@graph":[{"@type":"WebPage","@id":"https:\/\/brandu.lt\/en\/contact\/","url":"https:\/\/brandu.lt\/en\/contact\/","name":"Contact | brand\u00f9","isPartOf":{"@id":"https:\/\/brandu.lt\/en\/#website"},"datePublished":"2020-07-10T12:24:47+00:00","dateModified":"2020-07-17T08:20:10+00:00","breadcrumb":{"@id":"https:\/\/brandu.lt\/en\/contact\/#breadcrumb"},"inLanguage":"en-US","potentialAction":[{"@type":"ReadAction","target":["https:\/\/brandu.lt\/en\/contact\/"]}]},{"@type":"BreadcrumbList","@id":"https:\/\/brandu.lt\/en\/contact\/#breadcrumb","itemListElement":[{"@type":"ListItem","position":1,"name":"Home","item":"https:\/\/brandu.lt\/en\/"},{"@type":"ListItem","position":2,"name":"Contact"}]},{"@type":"WebSite","@id":"https:\/\/brandu.lt\/en\/#website","url":"https:\/\/brandu.lt\/en\/","name":"brand\u00f9","description":"Efektyv\u016bs sprendimai j\u016bs\u0173 skaitmeniniam gyvenimui","publisher":{"@id":"https:\/\/brandu.lt\/en\/#organization"},"potentialAction":[{"@type":"SearchAction","target":{"@type":"EntryPoint","urlTemplate":"https:\/\/brandu.lt\/en\/?s={search_term_string}"},"query-input":{"@type":"PropertyValueSpecification","valueRequired":true,"valueName":"search_term_string"}}],"inLanguage":"en-US"},{"@type":"Organization","@id":"https:\/\/brandu.lt\/en\/#organization","name":"brand\u00f9","url":"https:\/\/brandu.lt\/en\/","logo":{"@type":"ImageObject","inLanguage":"en-US","@id":"https:\/\/brandu.lt\/en\/#\/schema\/logo\/image\/","url":"https:\/\/mlpbk5gkfhmf.i.optimole.com\/cb:ZWm_~4a2d6\/w:auto\/h:auto\/q:mauto\/f:best\/ig:avif\/https:\/\/brandu.lt\/wp-content\/uploads\/2020\/01\/facebookshare.png","contentUrl":"https:\/\/mlpbk5gkfhmf.i.optimole.com\/cb:ZWm_~4a2d6\/w:auto\/h:auto\/q:mauto\/f:best\/ig:avif\/https:\/\/brandu.lt\/wp-content\/uploads\/2020\/01\/facebookshare.png","width":2500,"height":1313,"caption":"brand\u00f9"},"image":{"@id":"https:\/\/brandu.lt\/en\/#\/schema\/logo\/image\/"},"sameAs":["https:\/\/www.facebook.com\/hello.brandu","https:\/\/www.instagram.com\/branduagency\/","https:\/\/www.linkedin.com\/company\/19208581\/"]}]}},"_links":{"self":[{"href":"https:\/\/brandu.lt\/en\/wp-json\/wp\/v2\/pages\/2146","targetHints":{"allow":["GET"]}}],"collection":[{"href":"https:\/\/brandu.lt\/en\/wp-json\/wp\/v2\/pages"}],"about":[{"href":"https:\/\/brandu.lt\/en\/wp-json\/wp\/v2\/types\/page"}],"author":[{"embeddable":true,"href":"https:\/\/brandu.lt\/en\/wp-json\/wp\/v2\/users\/1"}],"replies":[{"embeddable":true,"href":"https:\/\/brandu.lt\/en\/wp-json\/wp\/v2\/comments?post=2146"}],"version-history":[{"count":2,"href":"https:\/\/brandu.lt\/en\/wp-json\/wp\/v2\/pages\/2146\/revisions"}],"predecessor-version":[{"id":2232,"href":"https:\/\/brandu.lt\/en\/wp-json\/wp\/v2\/pages\/2146\/revisions\/2232"}],"wp:attachment":[{"href":"https:\/\/brandu.lt\/en\/wp-json\/wp\/v2\/media?parent=2146"}],"curies":[{"name":"wp","href":"https:\/\/api.w.org\/{rel}","templated":true}]}}